{"id":1032,"date":"2016-07-08T16:55:56","date_gmt":"2016-07-23T11:33:45","guid":{"rendered":"http:\/\/bvs.lu\/?post_type=product&#038;p=1032&#038;lang=fr"},"modified":"2021-05-16T07:30:10","modified_gmt":"2021-05-16T05:30:10","slug":"ourdaller-haardenolsuelich","status":"publish","type":"product","link":"https:\/\/bvs.lu\/fr\/produit\/ourdaller-haardenolsuelich\/","title":{"rendered":"Huile de millepertuis"},"content":{"rendered":"<p>L\u2019huile de millepertuis est obtenue par la mac\u00e9ration des fleurs de millepertuis, Hardenol en lux.. Les p\u00e9tales fra\u00eechement r\u00e9colt\u00e9es sont l\u00e9g\u00e8rement broy\u00e9es, couvertes d\u2019huile de colza (Beola) et expos\u00e9es au rayonnement solaire pendant plusieurs semaines. Les principes actifs du millepertuis, surtout l\u2019hyp\u00e9ricine, qui est responsable de la teinte rouge du produit final, se dissolvent ainsi dans l\u2019huile. Les fleurs de plantes sauvages sont r\u00e9colt\u00e9es sur des sites choisis dans les parcs naturel Haute-S\u00fbre et Our. L\u2019huile de millepertuis est un rem\u00e8de connu et estim\u00e9 depuis longtemps. Usage externe contre le rhumatisme, le lumbago, les torsions et les contusions. Favorise la cicatrisation. Employ\u00e9 avec succ\u00e8s contre les myalgies, en cas de br\u00fblures et de coups de soleil. Cette huile se pr\u00eate \u00e9galement tr\u00e8s bien aux massages r\u00e9chauffantes et \u00e9quilibrantes.<\/p>\n","protected":false},"excerpt":{"rendered":"<p>Huile de millepertuis obtenue par la mac\u00e9ration de fleurs de millepertuis dans l\u2019huile de colza. Cont. 10cl.<\/p>\n","protected":false},"featured_media":2136,"comment_status":"open","ping_status":"closed","template":"","meta":{"_et_pb_use_builder":"","_et_pb_old_content":"","_et_gb_content_width":""},"product_brand":[],"product_cat":[75],"product_tag":[],"class_list":{"0":"post-1032","1":"product","2":"type-product","3":"status-publish","4":"has-post-thumbnail","6":"product_cat-cremes-bonbons-herbes","7":"product_shipping_class-luxembourg","9":"first","10":"instock","11":"taxable","12":"shipping-taxable","13":"purchasable","14":"product-type-simple"},"_links":{"self":[{"href":"https:\/\/bvs.lu\/fr\/wp-json\/wp\/v2\/product\/1032","targetHints":{"allow":["GET"]}}],"collection":[{"href":"https:\/\/bvs.lu\/fr\/wp-json\/wp\/v2\/product"}],"about":[{"href":"https:\/\/bvs.lu\/fr\/wp-json\/wp\/v2\/types\/product"}],"replies":[{"embeddable":true,"href":"https:\/\/bvs.lu\/fr\/wp-json\/wp\/v2\/comments?post=1032"}],"wp:featuredmedia":[{"embeddable":true,"href":"https:\/\/bvs.lu\/fr\/wp-json\/wp\/v2\/media\/2136"}],"wp:attachment":[{"href":"https:\/\/bvs.lu\/fr\/wp-json\/wp\/v2\/media?parent=1032"}],"wp:term":[{"taxonomy":"product_brand","embeddable":true,"href":"https:\/\/bvs.lu\/fr\/wp-json\/wp\/v2\/product_brand?post=1032"},{"taxonomy":"product_cat","embeddable":true,"href":"https:\/\/bvs.lu\/fr\/wp-json\/wp\/v2\/product_cat?post=1032"},{"taxonomy":"product_tag","embeddable":true,"href":"https:\/\/bvs.lu\/fr\/wp-json\/wp\/v2\/product_tag?post=1032"}],"curies":[{"name":"wp","href":"https:\/\/api.w.org\/{rel}","templated":true}]}}