{"id":936,"date":"2016-07-08T18:01:40","date_gmt":"2016-07-08T16:01:40","guid":{"rendered":"http:\/\/bvs.lu\/product\/panier-cadeau\/"},"modified":"2021-06-13T08:42:08","modified_gmt":"2021-06-13T06:42:08","slug":"panier-cadeau","status":"publish","type":"product","link":"https:\/\/bvs.lu\/fr\/produit\/panier-cadeau\/","title":{"rendered":"Panier cadeau"},"content":{"rendered":"<p><img loading=\"lazy\" decoding=\"async\" class=\"alignnone size-medium wp-image-2144\" src=\"https:\/\/bvs.lu\/wp-content\/uploads\/2021\/05\/GOUPE-PERSONALISATION_2-202x300.jpg\" alt=\"\" width=\"202\" height=\"300\" \/><img loading=\"lazy\" decoding=\"async\" class=\"alignnone size-medium wp-image-2146\" src=\"https:\/\/bvs.lu\/wp-content\/uploads\/2021\/05\/GROUPE-HOTELS-300x193.jpg\" alt=\"\" width=\"300\" height=\"193\" \/> <img loading=\"lazy\" decoding=\"async\" class=\"alignnone wp-image-546\" src=\"https:\/\/bvs.lu\/wp-content\/uploads\/2016\/07\/IMG_7866-300x224.jpg\" alt=\"IMG_7866\" width=\"181\" height=\"135\" srcset=\"https:\/\/bvs.lu\/wp-content\/uploads\/2016\/07\/IMG_7866-300x224.jpg 300w, https:\/\/bvs.lu\/wp-content\/uploads\/2016\/07\/IMG_7866-scaled-400x299.jpg 400w, https:\/\/bvs.lu\/wp-content\/uploads\/2016\/07\/IMG_7866-768x573.jpg 768w, https:\/\/bvs.lu\/wp-content\/uploads\/2016\/07\/IMG_7866-1024x764.jpg 1024w, https:\/\/bvs.lu\/wp-content\/uploads\/2016\/07\/IMG_7866-510x382.jpg 510w, https:\/\/bvs.lu\/wp-content\/uploads\/2016\/07\/IMG_7866-1080x806.jpg 1080w\" sizes=\"(max-width: 181px) 100vw, 181px\" \/> <img loading=\"lazy\" decoding=\"async\" class=\"alignnone wp-image-549\" src=\"https:\/\/bvs.lu\/wp-content\/uploads\/2016\/07\/Sticker_Louhmellen_cube521_1-300x300.jpg\" alt=\"Sticker_Louhmellen_cube521_1\" width=\"141\" height=\"141\" srcset=\"https:\/\/bvs.lu\/wp-content\/uploads\/2016\/07\/Sticker_Louhmellen_cube521_1-300x300.jpg 300w, https:\/\/bvs.lu\/wp-content\/uploads\/2016\/07\/Sticker_Louhmellen_cube521_1-100x100.jpg 100w, https:\/\/bvs.lu\/wp-content\/uploads\/2016\/07\/Sticker_Louhmellen_cube521_1-400x400.jpg 400w, https:\/\/bvs.lu\/wp-content\/uploads\/2016\/07\/Sticker_Louhmellen_cube521_1-150x150.jpg 150w, https:\/\/bvs.lu\/wp-content\/uploads\/2016\/07\/Sticker_Louhmellen_cube521_1.jpg 709w\" sizes=\"(max-width: 141px) 100vw, 141px\" \/>\u00a0<a href=\"https:\/\/bvs.lu\/kontakt\/\"><strong>TARIF SUR DEMANDE<\/strong><\/a><\/p>\n","protected":false},"excerpt":{"rendered":"<p>S\u00e9lection d\u2019id\u00e9es pour composer votre cadeau pour les f\u00eates de famille et de fin d\u2019ann\u00e9e, des gadgets de firme, l\u2019h\u00f4tellerie etc. La quantit\u00e9 minimale par pi\u00e8ce d&rsquo;un produit: 30 exemplaires. <a href=\"https:\/\/bvs.lu\/kontakt\/\">Production seulement sur demande.<\/a><\/p>\n","protected":false},"featured_media":2126,"comment_status":"open","ping_status":"closed","template":"","meta":{"_et_pb_use_builder":"","_et_pb_old_content":"<p><img class=\"alignnone size-medium wp-image-2144\" src=\"https:\/\/bvs.lu\/wp-content\/uploads\/2021\/05\/GOUPE-PERSONALISATION_2-202x300.jpg\" alt=\"\" width=\"202\" height=\"300\" \/><img class=\"alignnone size-medium wp-image-2146\" src=\"https:\/\/bvs.lu\/wp-content\/uploads\/2021\/05\/GROUPE-HOTELS-300x193.jpg\" alt=\"\" width=\"300\" height=\"193\" \/><img class=\"alignnone wp-image-501\" src=\"https:\/\/bvs.lu\/wp-content\/uploads\/2016\/07\/Peeling-196x300.jpg\" alt=\"Peeling\" width=\"97\" height=\"149\" \/> <img class=\"alignnone wp-image-546\" src=\"https:\/\/bvs.lu\/wp-content\/uploads\/2016\/07\/IMG_7866-300x224.jpg\" alt=\"IMG_7866\" width=\"181\" height=\"135\" \/> <img class=\"alignnone wp-image-549\" src=\"https:\/\/bvs.lu\/wp-content\/uploads\/2016\/07\/Sticker_Louhmellen_cube521_1-300x300.jpg\" alt=\"Sticker_Louhmellen_cube521_1\" width=\"141\" height=\"141\" \/>\u00a0<a href=\"https:\/\/bvs.lu\/kontakt\/\"><strong>TARIF SUR DEMANDE<\/strong><\/a><\/p>","_et_gb_content_width":""},"product_brand":[],"product_cat":[75],"product_tag":[],"class_list":{"0":"post-936","1":"product","2":"type-product","3":"status-publish","4":"has-post-thumbnail","6":"product_cat-cremes-bonbons-herbes","7":"product_shipping_class-luxembourg","9":"first","10":"instock","11":"taxable","12":"shipping-taxable","13":"product-type-simple"},"_links":{"self":[{"href":"https:\/\/bvs.lu\/fr\/wp-json\/wp\/v2\/product\/936","targetHints":{"allow":["GET"]}}],"collection":[{"href":"https:\/\/bvs.lu\/fr\/wp-json\/wp\/v2\/product"}],"about":[{"href":"https:\/\/bvs.lu\/fr\/wp-json\/wp\/v2\/types\/product"}],"replies":[{"embeddable":true,"href":"https:\/\/bvs.lu\/fr\/wp-json\/wp\/v2\/comments?post=936"}],"wp:featuredmedia":[{"embeddable":true,"href":"https:\/\/bvs.lu\/fr\/wp-json\/wp\/v2\/media\/2126"}],"wp:attachment":[{"href":"https:\/\/bvs.lu\/fr\/wp-json\/wp\/v2\/media?parent=936"}],"wp:term":[{"taxonomy":"product_brand","embeddable":true,"href":"https:\/\/bvs.lu\/fr\/wp-json\/wp\/v2\/product_brand?post=936"},{"taxonomy":"product_cat","embeddable":true,"href":"https:\/\/bvs.lu\/fr\/wp-json\/wp\/v2\/product_cat?post=936"},{"taxonomy":"product_tag","embeddable":true,"href":"https:\/\/bvs.lu\/fr\/wp-json\/wp\/v2\/product_tag?post=936"}],"curies":[{"name":"wp","href":"https:\/\/api.w.org\/{rel}","templated":true}]}}