{"id":939,"date":"2016-07-08T17:22:34","date_gmt":"2016-07-08T15:22:34","guid":{"rendered":"http:\/\/bvs.lu\/product\/digestif-modrepp-20cl\/"},"modified":"2021-03-09T15:03:38","modified_gmt":"2021-03-09T14:03:38","slug":"digestif-modrepp-20cl","status":"publish","type":"product","link":"https:\/\/bvs.lu\/fr\/produit\/digestif-modrepp-20cl\/","title":{"rendered":"Digestif Modr\u00ebpp 20cl"},"content":{"rendered":"<p>Digestif alcoolique \u00e0 base d&rsquo;eau-de-vie de pomme. Sp\u00e9cialit\u00e9 de plantes favorisant la digestion.<\/p>\n","protected":false},"excerpt":{"rendered":"<p>Bouteille de 20cl de digestif \u00e0 base d&rsquo;eau-de-vie de pomme. Alc. 40% vol.<\/p>\n","protected":false},"featured_media":1919,"comment_status":"open","ping_status":"closed","template":"","meta":{"_et_pb_use_builder":"","_et_pb_old_content":"","_et_gb_content_width":""},"product_brand":[],"product_cat":[75],"product_tag":[],"class_list":{"0":"post-939","1":"product","2":"type-product","3":"status-publish","4":"has-post-thumbnail","6":"product_cat-cremes-bonbons-herbes","7":"product_shipping_class-luxembourg","9":"first","10":"instock","11":"taxable","12":"shipping-taxable","13":"purchasable","14":"product-type-simple"},"_links":{"self":[{"href":"https:\/\/bvs.lu\/fr\/wp-json\/wp\/v2\/product\/939","targetHints":{"allow":["GET"]}}],"collection":[{"href":"https:\/\/bvs.lu\/fr\/wp-json\/wp\/v2\/product"}],"about":[{"href":"https:\/\/bvs.lu\/fr\/wp-json\/wp\/v2\/types\/product"}],"replies":[{"embeddable":true,"href":"https:\/\/bvs.lu\/fr\/wp-json\/wp\/v2\/comments?post=939"}],"wp:featuredmedia":[{"embeddable":true,"href":"https:\/\/bvs.lu\/fr\/wp-json\/wp\/v2\/media\/1919"}],"wp:attachment":[{"href":"https:\/\/bvs.lu\/fr\/wp-json\/wp\/v2\/media?parent=939"}],"wp:term":[{"taxonomy":"product_brand","embeddable":true,"href":"https:\/\/bvs.lu\/fr\/wp-json\/wp\/v2\/product_brand?post=939"},{"taxonomy":"product_cat","embeddable":true,"href":"https:\/\/bvs.lu\/fr\/wp-json\/wp\/v2\/product_cat?post=939"},{"taxonomy":"product_tag","embeddable":true,"href":"https:\/\/bvs.lu\/fr\/wp-json\/wp\/v2\/product_tag?post=939"}],"curies":[{"name":"wp","href":"https:\/\/api.w.org\/{rel}","templated":true}]}}