{"id":943,"date":"2016-07-08T16:59:33","date_gmt":"2016-07-08T14:59:33","guid":{"rendered":"http:\/\/bvs.lu\/product\/huile-de-souci\/"},"modified":"2021-03-09T15:05:04","modified_gmt":"2021-03-09T14:05:04","slug":"huile-de-souci","status":"publish","type":"product","link":"https:\/\/bvs.lu\/fr\/produit\/huile-de-souci\/","title":{"rendered":"Huile de souci"},"content":{"rendered":"<p>L\u2019\u00abOurdaller Goldblumm-Uelich\u00bb est une huile de souci obtenue par mac\u00e9ration. Les p\u00e9tales fra\u00eechement r\u00e9colt\u00e9es sont s\u00e9ch\u00e9es \u00e0 l\u2019air, couvertes d\u2019huile de colza et mac\u00e9r\u00e9es pendant quelques heures au bain-marie. Les principes apaisants de la plante se dissolvent ainsi dans l\u2019huile. L\u2019huile de calendule ou de souci se pr\u00eate particuli\u00e8rement bien aux soins de la peau s\u00e8che. Vu son action calmante, elle convient \u00e9galement au nettoyage de la peau irrit\u00e9e des b\u00e9b\u00e9s Apaise les fissures, br\u00fblures et contusions l\u00e9g\u00e8res.<\/p>\n","protected":false},"excerpt":{"rendered":"<p>Huile de souci, Goldblumm en lux., obtenue par la mac\u00e9ration des fleurs de souci dans l&rsquo;huile de colza. Cont. 10cl.<\/p>\n","protected":false},"featured_media":2134,"comment_status":"open","ping_status":"closed","template":"","meta":{"_et_pb_use_builder":"","_et_pb_old_content":"","_et_gb_content_width":""},"product_brand":[],"product_cat":[75],"product_tag":[],"class_list":{"0":"post-943","1":"product","2":"type-product","3":"status-publish","4":"has-post-thumbnail","6":"product_cat-cremes-bonbons-herbes","7":"product_shipping_class-luxembourg","9":"first","10":"instock","11":"taxable","12":"shipping-taxable","13":"purchasable","14":"product-type-simple"},"_links":{"self":[{"href":"https:\/\/bvs.lu\/fr\/wp-json\/wp\/v2\/product\/943","targetHints":{"allow":["GET"]}}],"collection":[{"href":"https:\/\/bvs.lu\/fr\/wp-json\/wp\/v2\/product"}],"about":[{"href":"https:\/\/bvs.lu\/fr\/wp-json\/wp\/v2\/types\/product"}],"replies":[{"embeddable":true,"href":"https:\/\/bvs.lu\/fr\/wp-json\/wp\/v2\/comments?post=943"}],"wp:featuredmedia":[{"embeddable":true,"href":"https:\/\/bvs.lu\/fr\/wp-json\/wp\/v2\/media\/2134"}],"wp:attachment":[{"href":"https:\/\/bvs.lu\/fr\/wp-json\/wp\/v2\/media?parent=943"}],"wp:term":[{"taxonomy":"product_brand","embeddable":true,"href":"https:\/\/bvs.lu\/fr\/wp-json\/wp\/v2\/product_brand?post=943"},{"taxonomy":"product_cat","embeddable":true,"href":"https:\/\/bvs.lu\/fr\/wp-json\/wp\/v2\/product_cat?post=943"},{"taxonomy":"product_tag","embeddable":true,"href":"https:\/\/bvs.lu\/fr\/wp-json\/wp\/v2\/product_tag?post=943"}],"curies":[{"name":"wp","href":"https:\/\/api.w.org\/{rel}","templated":true}]}}